{"id":37,"date":"2017-09-01T11:41:15","date_gmt":"2017-09-01T11:41:15","guid":{"rendered":"http:\/\/demo.cocobasic.com\/blanka-wp\/?page_id=37"},"modified":"2021-04-30T14:55:38","modified_gmt":"2021-04-30T17:55:38","slug":"home","status":"publish","type":"page","link":"http:\/\/temporario.livreag.com.br\/index.php\/home\/","title":{"rendered":"Home"},"content":{"rendered":"<h1 class=\"curve-text center\">Bem Vindo<\/h1>\n<p class=\"intro-description center\"> Sou Marcelo Toledo <br \/>Psic\u00f3logo \u00e0 sua disposi\u00e7\u00e3o<\/p>\n<div class=\"center-text\"><a href=\"https:\/\/api.whatsapp.com\/send?phone=5518997721804&amp;text=Ol%C3%A1%20Marcelo,%20estou%20vindo%20pelo%20site\" target=\"_self\" class=\"button \">Agendar consulta<\/a><\/div>\n","protected":false},"excerpt":{"rendered":"","protected":false},"author":1,"featured_media":0,"parent":0,"menu_order":1,"comment_status":"closed","ping_status":"closed","template":"","meta":{"om_disable_all_campaigns":false,"_monsterinsights_skip_tracking":false,"_monsterinsights_sitenote_active":false,"_monsterinsights_sitenote_note":"","_monsterinsights_sitenote_category":0},"_links":{"self":[{"href":"http:\/\/temporario.livreag.com.br\/index.php\/wp-json\/wp\/v2\/pages\/37"}],"collection":[{"href":"http:\/\/temporario.livreag.com.br\/index.php\/wp-json\/wp\/v2\/pages"}],"about":[{"href":"http:\/\/temporario.livreag.com.br\/index.php\/wp-json\/wp\/v2\/types\/page"}],"author":[{"embeddable":true,"href":"http:\/\/temporario.livreag.com.br\/index.php\/wp-json\/wp\/v2\/users\/1"}],"replies":[{"embeddable":true,"href":"http:\/\/temporario.livreag.com.br\/index.php\/wp-json\/wp\/v2\/comments?post=37"}],"version-history":[{"count":13,"href":"http:\/\/temporario.livreag.com.br\/index.php\/wp-json\/wp\/v2\/pages\/37\/revisions"}],"predecessor-version":[{"id":416,"href":"http:\/\/temporario.livreag.com.br\/index.php\/wp-json\/wp\/v2\/pages\/37\/revisions\/416"}],"wp:attachment":[{"href":"http:\/\/temporario.livreag.com.br\/index.php\/wp-json\/wp\/v2\/media?parent=37"}],"curies":[{"name":"wp","href":"https:\/\/api.w.org\/{rel}","templated":true}]}}