{"id":62,"date":"2017-09-01T11:57:41","date_gmt":"2017-09-01T11:57:41","guid":{"rendered":"http:\/\/demo.cocobasic.com\/blanka-wp\/?page_id=62"},"modified":"2021-05-04T09:45:24","modified_gmt":"2021-05-04T12:45:24","slug":"clients","status":"publish","type":"page","link":"http:\/\/temporario.livreag.com.br\/index.php\/clients\/","title":{"rendered":"Depoimentos"},"content":{"rendered":"<\/div><div class=\"full-page-width center-relative\" style=\"background-image:url(http:\/\/temporario.livreag.com.br\/wp-content\/uploads\/2021\/04\/Design.png)\">\n<script> var textSlider_speed = \"2000\";\r\n                var textSlider_auto = \"true\";                \r\n                var textSlider_hover = \"true\";                \r\n    <\/script>\r\n    <div class=\"text-slider-wrapper relative\">\r\n    <div class=\"text-slider-header-quotes center\"><\/div>\r\n    <div id = textSlider class = \"text-slider slider\">\r\n            \n<div class=\"text-slide\"><p class=\"text-slide-content\">\nObrigado Marcelo por todo cuidado e dedica\u00e7\u00e3o comigo! Gratid\u00e3o!<br \/>\n<\/p><img class=\"text-slide-img\" src=\"http:\/\/temporario.livreag.com.br\/wp-content\/uploads\/2021\/04\/Anonimo.png\" alt=\"\" \/><p class=\"text-slide-name\">An\u00f4nimo<\/p><p class=\"text-slide-position\"><\/p><\/div>\n<div class=\"text-slide\"><p class=\"text-slide-content\">\nN\u00e3o tenho palavras para agradecer, fazer o tratamento com voc\u00ea mudou a minha vida.<br \/>\n<\/p><img class=\"text-slide-img\" src=\"http:\/\/temporario.livreag.com.br\/wp-content\/uploads\/2021\/04\/Anonimo.png\" alt=\"\" \/><p class=\"text-slide-name\">An\u00f4nimo<\/p><p class=\"text-slide-position\"><\/p><\/div>\n<div class=\"text-slide\"><p class=\"text-slide-content\">\nHoje posso dizer que sou uma nova pessoa em todas as \u00e1reas da minha vida.<br \/>\n<\/p><img class=\"text-slide-img\" src=\"http:\/\/temporario.livreag.com.br\/wp-content\/uploads\/2021\/04\/Anonimo.png\" alt=\"\" \/><p class=\"text-slide-name\">An\u00f4nimo<\/p><p class=\"text-slide-position\"><\/p><\/div>\n\r\n        <\/div><div class = \"clear\"><\/div><\/div>\n<\/div><div class=\"block content-1070 center-relative section-content resume\">\n","protected":false},"excerpt":{"rendered":"","protected":false},"author":1,"featured_media":0,"parent":0,"menu_order":5,"comment_status":"closed","ping_status":"closed","template":"","meta":{"om_disable_all_campaigns":false,"_monsterinsights_skip_tracking":false,"_monsterinsights_sitenote_active":false,"_monsterinsights_sitenote_note":"","_monsterinsights_sitenote_category":0},"_links":{"self":[{"href":"http:\/\/temporario.livreag.com.br\/index.php\/wp-json\/wp\/v2\/pages\/62"}],"collection":[{"href":"http:\/\/temporario.livreag.com.br\/index.php\/wp-json\/wp\/v2\/pages"}],"about":[{"href":"http:\/\/temporario.livreag.com.br\/index.php\/wp-json\/wp\/v2\/types\/page"}],"author":[{"embeddable":true,"href":"http:\/\/temporario.livreag.com.br\/index.php\/wp-json\/wp\/v2\/users\/1"}],"replies":[{"embeddable":true,"href":"http:\/\/temporario.livreag.com.br\/index.php\/wp-json\/wp\/v2\/comments?post=62"}],"version-history":[{"count":13,"href":"http:\/\/temporario.livreag.com.br\/index.php\/wp-json\/wp\/v2\/pages\/62\/revisions"}],"predecessor-version":[{"id":524,"href":"http:\/\/temporario.livreag.com.br\/index.php\/wp-json\/wp\/v2\/pages\/62\/revisions\/524"}],"wp:attachment":[{"href":"http:\/\/temporario.livreag.com.br\/index.php\/wp-json\/wp\/v2\/media?parent=62"}],"curies":[{"name":"wp","href":"https:\/\/api.w.org\/{rel}","templated":true}]}}